
{"id":138153,"date":"2025-10-06T21:23:07","date_gmt":"2025-10-06T21:23:07","guid":{"rendered":"https:\/\/produse.valrom.ro\/product\/valrain-hdpe-pipe-o-50x3-0mm-5m\/"},"modified":"2025-10-06T21:23:07","modified_gmt":"2025-10-06T21:23:07","slug":"valrain-hdpe-pipe-o-50x3-0mm-5m","status":"publish","type":"product","link":"https:\/\/produse.valrom.ro\/en\/product\/valrain-hdpe-pipe-o-50x3-0mm-5m\/","title":{"rendered":"VALRain HDPE Pipe \u00d8 50&#215;3.0mm, 5m"},"content":{"rendered":"<p>Single-layer pipe, made of high-density polyethylene, used in:<br \/>\n&#8211; Domestic wastewater drainage systems (intermittent +95\u00b0C, continuous +80\u00b0C) and gravity stormwater drainage within tall buildings, public buildings, and industrial halls.<br \/>\n&#8211; Ventilation stacks for drainage systems.<br \/>\n&#8211; Domestic wastewater drainage systems (intermittent +95\u00b0C, continuous +80\u00b0C) and gravity stormwater drainage installed underground &#8211; PE100 pipes and fittings range &#8211; SDR26 (S12.5).<br \/>\n&#8211; Vacuum stormwater drainage systems, made of (electro)welded PE100 pipes and fittings.<br \/>\nCharacteristics<br \/>\n-Diameter range: \u00d832, \u00d840, \u00d850, \u00d856, \u00d863, \u00d875, \u00d890, \u00d8110, \u00d8125, \u00d8160, \u00d8200, \u00d8250, \u00d8315.<br \/>\n-Compliance: EN 1519.<br \/>\n-Series: S12.5 for SDR26 and S16 for SDR33.<br \/>\n-Application classes:<br \/>\n-B &#8211; intended for use inside and outside buildings, wall-mounted.<br \/>\n-BD &#8211; intended for use inside buildings or buried underground within the building&#8217;s perimeter (at a maximum distance of 1m from it and connected to the building&#8217;s drainage system). For this application, only pipes with diameters equal to or greater than 75mm belonging to the S12.5 series are permitted.<br \/>\n-Material: High-density polyethylene.<br \/>\n-Type: Single-layer.<br \/>\n-Maximum operating temperature: +95\u00b0C, intermittently.<br \/>\n-Color: Black.<br \/>\n-Joining methods:<br \/>\n-Butt welding and electrofusion socket: PE100 SDR26 for 5 bar\/-800 mbar and for PE100 SDR33 for 4 bar\/-450 mbar under fluid conditions at +20\u00b0C and a safety factor of 1.25.<br \/>\n-Socket and gasket joint, expansion sleeve &#8211; maximum 0.5 bar.<br \/>\n-Mechanical flange joint.<br \/>\n-Mechanical joint with threaded fittings.<\/p>\n","protected":false},"excerpt":{"rendered":"<p>Single-layer pipe, made of high-density polyethylene, used in:<br \/>&#8211; Domestic wastewater drainage systems (intermittent +95\u00b0C, continuous +80\u00b0C) and gravity stormwater drainage within tall buildings,<br \/>public buildings, and industrial halls.<br \/>&#8211; Ventilation stacks for drainage systems.<br \/>&#8211; Domestic wastewater drainage systems (intermittent +95\u00b0C, continuous +80\u00b0C) and gravity stormwater drainage installed underground &#8211;<br \/>PE100 pipes and fittings range &#8211; SDR26 (S12.5)<br \/>&#8211; Vacuum stormwater drainage systems, made of (electro)welded PE100 pipes and fittings.<br \/>Characteristics<br \/>-Diameter range: \u00d832, \u00d840, \u00d850, \u00d856, \u00d863, \u00d875, \u00d890, \u00d8110, \u00d8125, \u00d8160, \u00d8200, \u00d8250, \u00d8315.<br \/>-Compliance: EN 1519.<br \/>-Series: S12.5 for SDR26 and S16 for SDR33.<br \/>-Application classes:<br \/>-B &#8211; intended for use inside and outside buildings, wall-mounted.<br \/>-BD &#8211; intended for use inside buildings or buried underground within the building&#8217;s perimeter (at a maximum distance of 1m<br \/>from it and connected to the building&#8217;s drainage system). For this application, only pipes with<br \/>diameters equal to or greater than 75mm belonging to the S12.5 series are permitted.<br \/>-Material: High-density polyethylene.<br \/>-Type: Single-layer<br \/>-Maximum operating temperature: +95\u00b0C, intermittently.<br \/>-Color: Black<br \/>-Joining methods:<br \/>-Butt welding and electrofusion socket: PE100 SDR26 for 5 bar\/-800 mbar and for PE100 SDR33 for 4 bar\/-450 mbar in<br \/>fluid conditions at +20\u00b0C and a safety factor of 1.25.<br \/>-Socket and gasket joint, expansion sleeve &#8211; maximum 0.5 bar.<br \/>-Mechanical flange joint.<br \/>-Mechanical joint with threaded fittings.  <\/p>\n","protected":false},"featured_media":100712,"template":"","meta":{"inline_featured_image":false,"wds_primary_product_brand":0,"wds_primary_product_cat":0},"product_brand":[],"product_cat":[8462],"product_tag":[],"class_list":{"0":"post-138153","1":"product","2":"type-product","3":"status-publish","4":"has-post-thumbnail","6":"product_cat-hdpe-pipes-for-rainwater-sewerage","8":"first","9":"instock","10":"shipping-taxable","11":"product-type-simple"},"yoast_head":"<!-- This site is optimized with the Yoast SEO Premium plugin v27.2 (Yoast SEO v27.4) - https:\/\/yoast.com\/product\/yoast-seo-premium-wordpress\/ -->\n<title>VALRain HDPE Pipe \u00d8 50x3.0mm, 5m - Produse.Valrom.ro<\/title>\n<meta name=\"robots\" content=\"index, follow, max-snippet:-1, max-image-preview:large, max-video-preview:-1\" \/>\n<link rel=\"canonical\" href=\"https:\/\/produse.valrom.ro\/en\/product\/valrain-hdpe-pipe-o-50x3-0mm-5m\/\" \/>\n<meta property=\"og:locale\" content=\"en_US\" \/>\n<meta property=\"og:type\" content=\"article\" \/>\n<meta property=\"og:title\" content=\"VALRain HDPE Pipe \u00d8 50x3.0mm, 5m\" \/>\n<meta property=\"og:description\" content=\"Single-layer pipe, made of high-density polyethylene, used in:- Domestic wastewater drainage systems (intermittent +95\u00b0C, continuous +80\u00b0C) and gravity stormwater drainage within tall buildings,public buildings, and industrial halls.- Ventilation stacks for drainage systems.- Domestic wastewater drainage systems (intermittent +95\u00b0C, continuous +80\u00b0C) and gravity stormwater drainage installed underground -PE100 pipes and fittings range - SDR26 (S12.5)- Vacuum stormwater drainage systems, made of (electro)welded PE100 pipes and fittings.Characteristics-Diameter range: \u00d832, \u00d840, \u00d850, \u00d856, \u00d863, \u00d875, \u00d890, \u00d8110, \u00d8125, \u00d8160, \u00d8200, \u00d8250, \u00d8315.-Compliance: EN 1519.-Series: S12.5 for SDR26 and S16 for SDR33.-Application classes:-B - intended for use inside and outside buildings, wall-mounted.-BD - intended for use inside buildings or buried underground within the building&#039;s perimeter (at a maximum distance of 1mfrom it and connected to the building&#039;s drainage system). For this application, only pipes withdiameters equal to or greater than 75mm belonging to the S12.5 series are permitted.-Material: High-density polyethylene.-Type: Single-layer-Maximum operating temperature: +95\u00b0C, intermittently.-Color: Black-Joining methods:-Butt welding and electrofusion socket: PE100 SDR26 for 5 bar\/-800 mbar and for PE100 SDR33 for 4 bar\/-450 mbar influid conditions at +20\u00b0C and a safety factor of 1.25.-Socket and gasket joint, expansion sleeve - maximum 0.5 bar.-Mechanical flange joint.-Mechanical joint with threaded fittings.\" \/>\n<meta property=\"og:url\" content=\"https:\/\/produse.valrom.ro\/en\/product\/valrain-hdpe-pipe-o-50x3-0mm-5m\/\" \/>\n<meta property=\"og:site_name\" content=\"Produse.Valrom.ro\" \/>\n<meta property=\"og:image\" content=\"https:\/\/produse.valrom.ro\/wp-content\/uploads\/2025\/10\/133890_l.jpeg\" \/>\n\t<meta property=\"og:image:width\" content=\"800\" \/>\n\t<meta property=\"og:image:height\" content=\"800\" \/>\n\t<meta property=\"og:image:type\" content=\"image\/jpeg\" \/>\n<meta name=\"twitter:card\" content=\"summary_large_image\" \/>\n<meta name=\"twitter:label1\" content=\"Est. reading time\" \/>\n\t<meta name=\"twitter:data1\" content=\"1 minute\" \/>\n<script type=\"application\/ld+json\" class=\"yoast-schema-graph\">{\"@context\":\"https:\\\/\\\/schema.org\",\"@graph\":[{\"@type\":\"WebPage\",\"@id\":\"https:\\\/\\\/produse.valrom.ro\\\/en\\\/product\\\/valrain-hdpe-pipe-o-50x3-0mm-5m\\\/\",\"url\":\"https:\\\/\\\/produse.valrom.ro\\\/en\\\/product\\\/valrain-hdpe-pipe-o-50x3-0mm-5m\\\/\",\"name\":\"VALRain HDPE Pipe \u00d8 50x3.0mm, 5m - Produse.Valrom.ro\",\"isPartOf\":{\"@id\":\"https:\\\/\\\/produse.valrom.ro\\\/en\\\/#website\"},\"primaryImageOfPage\":{\"@id\":\"https:\\\/\\\/produse.valrom.ro\\\/en\\\/product\\\/valrain-hdpe-pipe-o-50x3-0mm-5m\\\/#primaryimage\"},\"image\":{\"@id\":\"https:\\\/\\\/produse.valrom.ro\\\/en\\\/product\\\/valrain-hdpe-pipe-o-50x3-0mm-5m\\\/#primaryimage\"},\"thumbnailUrl\":\"https:\\\/\\\/produse.valrom.ro\\\/wp-content\\\/uploads\\\/2025\\\/10\\\/133890_l.jpeg\",\"datePublished\":\"2025-10-06T21:23:07+00:00\",\"breadcrumb\":{\"@id\":\"https:\\\/\\\/produse.valrom.ro\\\/en\\\/product\\\/valrain-hdpe-pipe-o-50x3-0mm-5m\\\/#breadcrumb\"},\"inLanguage\":\"en-US\",\"potentialAction\":[{\"@type\":\"ReadAction\",\"target\":[\"https:\\\/\\\/produse.valrom.ro\\\/en\\\/product\\\/valrain-hdpe-pipe-o-50x3-0mm-5m\\\/\"]}]},{\"@type\":\"ImageObject\",\"inLanguage\":\"en-US\",\"@id\":\"https:\\\/\\\/produse.valrom.ro\\\/en\\\/product\\\/valrain-hdpe-pipe-o-50x3-0mm-5m\\\/#primaryimage\",\"url\":\"https:\\\/\\\/produse.valrom.ro\\\/wp-content\\\/uploads\\\/2025\\\/10\\\/133890_l.jpeg\",\"contentUrl\":\"https:\\\/\\\/produse.valrom.ro\\\/wp-content\\\/uploads\\\/2025\\\/10\\\/133890_l.jpeg\",\"width\":800,\"height\":800},{\"@type\":\"BreadcrumbList\",\"@id\":\"https:\\\/\\\/produse.valrom.ro\\\/en\\\/product\\\/valrain-hdpe-pipe-o-50x3-0mm-5m\\\/#breadcrumb\",\"itemListElement\":[{\"@type\":\"ListItem\",\"position\":1,\"name\":\"Home\",\"item\":\"https:\\\/\\\/produse.valrom.ro\\\/en\\\/\"},{\"@type\":\"ListItem\",\"position\":2,\"name\":\"Shop\",\"item\":\"https:\\\/\\\/produse.valrom.ro\\\/en\\\/shop\\\/\"},{\"@type\":\"ListItem\",\"position\":3,\"name\":\"VALRain HDPE Pipe \u00d8 50&#215;3.0mm, 5m\"}]},{\"@type\":\"WebSite\",\"@id\":\"https:\\\/\\\/produse.valrom.ro\\\/en\\\/#website\",\"url\":\"https:\\\/\\\/produse.valrom.ro\\\/en\\\/\",\"name\":\"Produse.Valrom.ro\",\"description\":\"Valrom Industry\",\"potentialAction\":[{\"@type\":\"SearchAction\",\"target\":{\"@type\":\"EntryPoint\",\"urlTemplate\":\"https:\\\/\\\/produse.valrom.ro\\\/en\\\/?s={search_term_string}\"},\"query-input\":{\"@type\":\"PropertyValueSpecification\",\"valueRequired\":true,\"valueName\":\"search_term_string\"}}],\"inLanguage\":\"en-US\"}]}<\/script>\n<!-- \/ Yoast SEO Premium plugin. -->","yoast_head_json":{"title":"VALRain HDPE Pipe \u00d8 50x3.0mm, 5m - Produse.Valrom.ro","robots":{"index":"index","follow":"follow","max-snippet":"max-snippet:-1","max-image-preview":"max-image-preview:large","max-video-preview":"max-video-preview:-1"},"canonical":"https:\/\/produse.valrom.ro\/en\/product\/valrain-hdpe-pipe-o-50x3-0mm-5m\/","og_locale":"en_US","og_type":"article","og_title":"VALRain HDPE Pipe \u00d8 50x3.0mm, 5m","og_description":"Single-layer pipe, made of high-density polyethylene, used in:- Domestic wastewater drainage systems (intermittent +95\u00b0C, continuous +80\u00b0C) and gravity stormwater drainage within tall buildings,public buildings, and industrial halls.- Ventilation stacks for drainage systems.- Domestic wastewater drainage systems (intermittent +95\u00b0C, continuous +80\u00b0C) and gravity stormwater drainage installed underground -PE100 pipes and fittings range - SDR26 (S12.5)- Vacuum stormwater drainage systems, made of (electro)welded PE100 pipes and fittings.Characteristics-Diameter range: \u00d832, \u00d840, \u00d850, \u00d856, \u00d863, \u00d875, \u00d890, \u00d8110, \u00d8125, \u00d8160, \u00d8200, \u00d8250, \u00d8315.-Compliance: EN 1519.-Series: S12.5 for SDR26 and S16 for SDR33.-Application classes:-B - intended for use inside and outside buildings, wall-mounted.-BD - intended for use inside buildings or buried underground within the building's perimeter (at a maximum distance of 1mfrom it and connected to the building's drainage system). For this application, only pipes withdiameters equal to or greater than 75mm belonging to the S12.5 series are permitted.-Material: High-density polyethylene.-Type: Single-layer-Maximum operating temperature: +95\u00b0C, intermittently.-Color: Black-Joining methods:-Butt welding and electrofusion socket: PE100 SDR26 for 5 bar\/-800 mbar and for PE100 SDR33 for 4 bar\/-450 mbar influid conditions at +20\u00b0C and a safety factor of 1.25.-Socket and gasket joint, expansion sleeve - maximum 0.5 bar.-Mechanical flange joint.-Mechanical joint with threaded fittings.","og_url":"https:\/\/produse.valrom.ro\/en\/product\/valrain-hdpe-pipe-o-50x3-0mm-5m\/","og_site_name":"Produse.Valrom.ro","og_image":[{"width":800,"height":800,"url":"https:\/\/produse.valrom.ro\/wp-content\/uploads\/2025\/10\/133890_l.jpeg","type":"image\/jpeg"}],"twitter_card":"summary_large_image","twitter_misc":{"Est. reading time":"1 minute"},"schema":{"@context":"https:\/\/schema.org","@graph":[{"@type":"WebPage","@id":"https:\/\/produse.valrom.ro\/en\/product\/valrain-hdpe-pipe-o-50x3-0mm-5m\/","url":"https:\/\/produse.valrom.ro\/en\/product\/valrain-hdpe-pipe-o-50x3-0mm-5m\/","name":"VALRain HDPE Pipe \u00d8 50x3.0mm, 5m - Produse.Valrom.ro","isPartOf":{"@id":"https:\/\/produse.valrom.ro\/en\/#website"},"primaryImageOfPage":{"@id":"https:\/\/produse.valrom.ro\/en\/product\/valrain-hdpe-pipe-o-50x3-0mm-5m\/#primaryimage"},"image":{"@id":"https:\/\/produse.valrom.ro\/en\/product\/valrain-hdpe-pipe-o-50x3-0mm-5m\/#primaryimage"},"thumbnailUrl":"https:\/\/produse.valrom.ro\/wp-content\/uploads\/2025\/10\/133890_l.jpeg","datePublished":"2025-10-06T21:23:07+00:00","breadcrumb":{"@id":"https:\/\/produse.valrom.ro\/en\/product\/valrain-hdpe-pipe-o-50x3-0mm-5m\/#breadcrumb"},"inLanguage":"en-US","potentialAction":[{"@type":"ReadAction","target":["https:\/\/produse.valrom.ro\/en\/product\/valrain-hdpe-pipe-o-50x3-0mm-5m\/"]}]},{"@type":"ImageObject","inLanguage":"en-US","@id":"https:\/\/produse.valrom.ro\/en\/product\/valrain-hdpe-pipe-o-50x3-0mm-5m\/#primaryimage","url":"https:\/\/produse.valrom.ro\/wp-content\/uploads\/2025\/10\/133890_l.jpeg","contentUrl":"https:\/\/produse.valrom.ro\/wp-content\/uploads\/2025\/10\/133890_l.jpeg","width":800,"height":800},{"@type":"BreadcrumbList","@id":"https:\/\/produse.valrom.ro\/en\/product\/valrain-hdpe-pipe-o-50x3-0mm-5m\/#breadcrumb","itemListElement":[{"@type":"ListItem","position":1,"name":"Home","item":"https:\/\/produse.valrom.ro\/en\/"},{"@type":"ListItem","position":2,"name":"Shop","item":"https:\/\/produse.valrom.ro\/en\/shop\/"},{"@type":"ListItem","position":3,"name":"VALRain HDPE Pipe \u00d8 50&#215;3.0mm, 5m"}]},{"@type":"WebSite","@id":"https:\/\/produse.valrom.ro\/en\/#website","url":"https:\/\/produse.valrom.ro\/en\/","name":"Produse.Valrom.ro","description":"Valrom Industry","potentialAction":[{"@type":"SearchAction","target":{"@type":"EntryPoint","urlTemplate":"https:\/\/produse.valrom.ro\/en\/?s={search_term_string}"},"query-input":{"@type":"PropertyValueSpecification","valueRequired":true,"valueName":"search_term_string"}}],"inLanguage":"en-US"}]}},"_links":{"self":[{"href":"https:\/\/produse.valrom.ro\/en\/wp-json\/wp\/v2\/product\/138153","targetHints":{"allow":["GET"]}}],"collection":[{"href":"https:\/\/produse.valrom.ro\/en\/wp-json\/wp\/v2\/product"}],"about":[{"href":"https:\/\/produse.valrom.ro\/en\/wp-json\/wp\/v2\/types\/product"}],"wp:featuredmedia":[{"embeddable":true,"href":"https:\/\/produse.valrom.ro\/en\/wp-json\/wp\/v2\/media\/100712"}],"wp:attachment":[{"href":"https:\/\/produse.valrom.ro\/en\/wp-json\/wp\/v2\/media?parent=138153"}],"wp:term":[{"taxonomy":"product_brand","embeddable":true,"href":"https:\/\/produse.valrom.ro\/en\/wp-json\/wp\/v2\/product_brand?post=138153"},{"taxonomy":"product_cat","embeddable":true,"href":"https:\/\/produse.valrom.ro\/en\/wp-json\/wp\/v2\/product_cat?post=138153"},{"taxonomy":"product_tag","embeddable":true,"href":"https:\/\/produse.valrom.ro\/en\/wp-json\/wp\/v2\/product_tag?post=138153"}],"curies":[{"name":"wp","href":"https:\/\/api.w.org\/{rel}","templated":true}]}}