
{"id":138205,"date":"2025-10-06T21:25:33","date_gmt":"2025-10-06T21:25:33","guid":{"rendered":"https:\/\/produse.valrom.ro\/product\/valrain-hdpe-electrofusion-socket-d250\/"},"modified":"2025-10-06T21:25:33","modified_gmt":"2025-10-06T21:25:33","slug":"valrain-hdpe-electrofusion-socket-d250","status":"publish","type":"product","link":"https:\/\/produse.valrom.ro\/en\/product\/valrain-hdpe-electrofusion-socket-d250\/","title":{"rendered":"VALRain HDPE Electrofusion Socket D250"},"content":{"rendered":"<p>Used in: &#8211; Domestic sewage systems (intermittent +95\u00b0C, continuous +80\u00b0C) and gravitational rainwater systems inside high-rise buildings, public buildings, industrial halls. &#8211; Ventilation stacks for sewage systems.  &#8211; Domestic sewage systems (intermittent +95\u00b0C, continuous +80\u00b0C) and gravitational rainwater systems installed underground &#8211; PE100 pipes and fittings range &#8211; SDR26 (S12.5) &#8211; Vacuum rainwater drainage systems, made of (electro)welded PE100 pipes and fittings. Electrofusion jointing can be performed for existing installations, modifications, repairs, or for prefabrication. The thermal energy produced by the resistance under voltage applied by the welding machine causes heating, melting, and welding of the materials. They are equipped with a stop limiter, which, when removed, allows the socket to slide onto the pipe for repairs. Joint type: non-detachable, tensile resistant. Characteristics &#8211; Diameter range: \u00d840, \u00d850, \u00d856, \u00d863, \u00d875, \u00d890, \u00d8110, \u00d8125, \u00d8160, \u00d8200, \u00d8250, \u00d8315. &#8211; Compliance: EN 1519. &#8211; Series: S12.5 for SDR26 and S16 for SDR33. &#8211; Application classes: &#8211; B &#8211; intended for use inside and outside buildings, wall-anchored. &#8211; BD &#8211; intended for use inside buildings or buried underground within the building perimeter (at a maximum distance of 1 m from it and connected to the building&#8217;s sewage system). For this use, only pipes with diameters equal to or greater than 75 mm belonging to the S12.5 series are permitted. &#8211; Material: High-density polyethylene. &#8211; Type: Monolayer &#8211; Maximum operating temperature: +95\u00b0C, intermittently. &#8211; Color: Black &#8211; SafeKit system jointing methods: &#8211; Butt welding and electrofusion socket: PE100 SDR26 for 5 bar\/-800 mbar and for PE100 SDR33 for 4 bar\/-450 mbar under fluid conditions at +20\u00b0C and a safety factor of 1.25. &#8211; Socket and gasket joint, expansion sleeve &#8211; maximum 0.5 bar. &#8211; Mechanical flange joint. &#8211; Mechanical joint with threaded fittings.                 <\/p>\n","protected":false},"excerpt":{"rendered":"<p>Used in: &#8211; Domestic sewage systems (intermittent +95\u00b0C, continuous +80\u00b0C) and gravitational rainwater systems inside high-rise buildings, public buildings, industrial halls. &#8211; Ventilation stacks for sewage systems.  &#8211; Domestic sewage systems (intermittent +95\u00b0C, continuous +80\u00b0C) and gravitational rainwater systems installed underground &#8211; PE100 pipes and fittings range &#8211; SDR26 (S12.5) &#8211; Vacuum rainwater drainage systems, made of (electro)welded PE100 pipes and fittings. Electrofusion jointing can be performed for existing installations, modifications, repairs, or for prefabrication. The thermal energy produced by the resistance under voltage applied by the welding machine causes heating, melting, and welding of the materials. They are equipped with a stop limiter, which, when removed, allows the socket to slide onto the pipe for repairs. Joint type: non-detachable, tensile resistant.     Characteristics &#8211; Diameter range: \u00d840, \u00d850, \u00d856, \u00d863, \u00d875, \u00d890, \u00d8110, \u00d8125, \u00d8160, \u00d8200, \u00d8250, \u00d8315. &#8211; Compliance: EN 1519. &#8211; Series: S12.5 for SDR26 and S16 for SDR33. &#8211; Application classes: &#8211; B &#8211; intended for use inside and outside buildings, wall-anchored. &#8211; BD &#8211; intended for use inside buildings or buried underground within the building perimeter (at a maximum distance of 1 m from it and connected to the building&#8217;s sewage system). For this use, only pipes with diameters equal to or greater than 75 mm belonging to the S12.5 series are permitted. &#8211; Material: High-density polyethylene. &#8211; Type: Monolayer &#8211; Maximum operating temperature: +95\u00b0C, intermittently. &#8211; Color: Black &#8211; SafeKit system jointing methods: &#8211; Butt welding and electrofusion socket: PE100 SDR26 for 5 bar\/-800 mbar and for PE100 SDR33 for 4 bar\/-450 mbar under fluid conditions at +20\u00b0C and a safety factor of 1.25. &#8211; Socket and gasket joint, expansion sleeve &#8211; maximum 0.5 bar. &#8211; Mechanical flange joint. &#8211; Mechanical joint with threaded fittings.            <\/p>\n","protected":false},"featured_media":100986,"template":"","meta":{"inline_featured_image":false,"wds_primary_product_brand":0,"wds_primary_product_cat":0},"product_brand":[],"product_cat":[8459],"product_tag":[],"class_list":{"0":"post-138205","1":"product","2":"type-product","3":"status-publish","4":"has-post-thumbnail","6":"product_cat-fitinguri-canalizare-pluviala","8":"first","9":"instock","10":"shipping-taxable","11":"product-type-simple"},"yoast_head":"<!-- This site is optimized with the Yoast SEO Premium plugin v27.2 (Yoast SEO v27.4) - https:\/\/yoast.com\/product\/yoast-seo-premium-wordpress\/ -->\n<title>VALRain HDPE Electrofusion Socket D250 - Produse.Valrom.ro<\/title>\n<meta name=\"robots\" content=\"index, follow, max-snippet:-1, max-image-preview:large, max-video-preview:-1\" \/>\n<link rel=\"canonical\" href=\"https:\/\/produse.valrom.ro\/en\/product\/valrain-hdpe-electrofusion-socket-d250\/\" \/>\n<meta property=\"og:locale\" content=\"en_US\" \/>\n<meta property=\"og:type\" content=\"article\" \/>\n<meta property=\"og:title\" content=\"VALRain HDPE Electrofusion Socket D250\" \/>\n<meta property=\"og:description\" content=\"Used in: - Domestic sewage systems (intermittent +95\u00b0C, continuous +80\u00b0C) and gravitational rainwater systems inside high-rise buildings, public buildings, industrial halls. - Ventilation stacks for sewage systems. - Domestic sewage systems (intermittent +95\u00b0C, continuous +80\u00b0C) and gravitational rainwater systems installed underground - PE100 pipes and fittings range - SDR26 (S12.5) - Vacuum rainwater drainage systems, made of (electro)welded PE100 pipes and fittings. Electrofusion jointing can be performed for existing installations, modifications, repairs, or for prefabrication. The thermal energy produced by the resistance under voltage applied by the welding machine causes heating, melting, and welding of the materials. They are equipped with a stop limiter, which, when removed, allows the socket to slide onto the pipe for repairs. Joint type: non-detachable, tensile resistant.   Characteristics - Diameter range: \u00d840, \u00d850, \u00d856, \u00d863, \u00d875, \u00d890, \u00d8110, \u00d8125, \u00d8160, \u00d8200, \u00d8250, \u00d8315. - Compliance: EN 1519. - Series: S12.5 for SDR26 and S16 for SDR33. - Application classes: - B - intended for use inside and outside buildings, wall-anchored. - BD - intended for use inside buildings or buried underground within the building perimeter (at a maximum distance of 1 m from it and connected to the building&#039;s sewage system). For this use, only pipes with diameters equal to or greater than 75 mm belonging to the S12.5 series are permitted. - Material: High-density polyethylene. - Type: Monolayer - Maximum operating temperature: +95\u00b0C, intermittently. - Color: Black - SafeKit system jointing methods: - Butt welding and electrofusion socket: PE100 SDR26 for 5 bar\/-800 mbar and for PE100 SDR33 for 4 bar\/-450 mbar under fluid conditions at +20\u00b0C and a safety factor of 1.25. - Socket and gasket joint, expansion sleeve - maximum 0.5 bar. - Mechanical flange joint. - Mechanical joint with threaded fittings.\" \/>\n<meta property=\"og:url\" content=\"https:\/\/produse.valrom.ro\/en\/product\/valrain-hdpe-electrofusion-socket-d250\/\" \/>\n<meta property=\"og:site_name\" content=\"Produse.Valrom.ro\" \/>\n<meta property=\"og:image\" content=\"https:\/\/produse.valrom.ro\/wp-content\/uploads\/2025\/10\/133922_l.jpeg\" \/>\n\t<meta property=\"og:image:width\" content=\"800\" \/>\n\t<meta property=\"og:image:height\" content=\"800\" \/>\n\t<meta property=\"og:image:type\" content=\"image\/jpeg\" \/>\n<meta name=\"twitter:card\" content=\"summary_large_image\" \/>\n<meta name=\"twitter:label1\" content=\"Est. reading time\" \/>\n\t<meta name=\"twitter:data1\" content=\"1 minute\" \/>\n<script type=\"application\/ld+json\" class=\"yoast-schema-graph\">{\"@context\":\"https:\\\/\\\/schema.org\",\"@graph\":[{\"@type\":\"WebPage\",\"@id\":\"https:\\\/\\\/produse.valrom.ro\\\/en\\\/product\\\/valrain-hdpe-electrofusion-socket-d250\\\/\",\"url\":\"https:\\\/\\\/produse.valrom.ro\\\/en\\\/product\\\/valrain-hdpe-electrofusion-socket-d250\\\/\",\"name\":\"VALRain HDPE Electrofusion Socket D250 - Produse.Valrom.ro\",\"isPartOf\":{\"@id\":\"https:\\\/\\\/produse.valrom.ro\\\/en\\\/#website\"},\"primaryImageOfPage\":{\"@id\":\"https:\\\/\\\/produse.valrom.ro\\\/en\\\/product\\\/valrain-hdpe-electrofusion-socket-d250\\\/#primaryimage\"},\"image\":{\"@id\":\"https:\\\/\\\/produse.valrom.ro\\\/en\\\/product\\\/valrain-hdpe-electrofusion-socket-d250\\\/#primaryimage\"},\"thumbnailUrl\":\"https:\\\/\\\/produse.valrom.ro\\\/wp-content\\\/uploads\\\/2025\\\/10\\\/133922_l.jpeg\",\"datePublished\":\"2025-10-06T21:25:33+00:00\",\"breadcrumb\":{\"@id\":\"https:\\\/\\\/produse.valrom.ro\\\/en\\\/product\\\/valrain-hdpe-electrofusion-socket-d250\\\/#breadcrumb\"},\"inLanguage\":\"en-US\",\"potentialAction\":[{\"@type\":\"ReadAction\",\"target\":[\"https:\\\/\\\/produse.valrom.ro\\\/en\\\/product\\\/valrain-hdpe-electrofusion-socket-d250\\\/\"]}]},{\"@type\":\"ImageObject\",\"inLanguage\":\"en-US\",\"@id\":\"https:\\\/\\\/produse.valrom.ro\\\/en\\\/product\\\/valrain-hdpe-electrofusion-socket-d250\\\/#primaryimage\",\"url\":\"https:\\\/\\\/produse.valrom.ro\\\/wp-content\\\/uploads\\\/2025\\\/10\\\/133922_l.jpeg\",\"contentUrl\":\"https:\\\/\\\/produse.valrom.ro\\\/wp-content\\\/uploads\\\/2025\\\/10\\\/133922_l.jpeg\",\"width\":800,\"height\":800},{\"@type\":\"BreadcrumbList\",\"@id\":\"https:\\\/\\\/produse.valrom.ro\\\/en\\\/product\\\/valrain-hdpe-electrofusion-socket-d250\\\/#breadcrumb\",\"itemListElement\":[{\"@type\":\"ListItem\",\"position\":1,\"name\":\"Home\",\"item\":\"https:\\\/\\\/produse.valrom.ro\\\/en\\\/\"},{\"@type\":\"ListItem\",\"position\":2,\"name\":\"Shop\",\"item\":\"https:\\\/\\\/produse.valrom.ro\\\/en\\\/shop\\\/\"},{\"@type\":\"ListItem\",\"position\":3,\"name\":\"VALRain HDPE Electrofusion Socket D250\"}]},{\"@type\":\"WebSite\",\"@id\":\"https:\\\/\\\/produse.valrom.ro\\\/en\\\/#website\",\"url\":\"https:\\\/\\\/produse.valrom.ro\\\/en\\\/\",\"name\":\"Produse.Valrom.ro\",\"description\":\"Valrom Industry\",\"potentialAction\":[{\"@type\":\"SearchAction\",\"target\":{\"@type\":\"EntryPoint\",\"urlTemplate\":\"https:\\\/\\\/produse.valrom.ro\\\/en\\\/?s={search_term_string}\"},\"query-input\":{\"@type\":\"PropertyValueSpecification\",\"valueRequired\":true,\"valueName\":\"search_term_string\"}}],\"inLanguage\":\"en-US\"}]}<\/script>\n<!-- \/ Yoast SEO Premium plugin. -->","yoast_head_json":{"title":"VALRain HDPE Electrofusion Socket D250 - Produse.Valrom.ro","robots":{"index":"index","follow":"follow","max-snippet":"max-snippet:-1","max-image-preview":"max-image-preview:large","max-video-preview":"max-video-preview:-1"},"canonical":"https:\/\/produse.valrom.ro\/en\/product\/valrain-hdpe-electrofusion-socket-d250\/","og_locale":"en_US","og_type":"article","og_title":"VALRain HDPE Electrofusion Socket D250","og_description":"Used in: - Domestic sewage systems (intermittent +95\u00b0C, continuous +80\u00b0C) and gravitational rainwater systems inside high-rise buildings, public buildings, industrial halls. - Ventilation stacks for sewage systems. - Domestic sewage systems (intermittent +95\u00b0C, continuous +80\u00b0C) and gravitational rainwater systems installed underground - PE100 pipes and fittings range - SDR26 (S12.5) - Vacuum rainwater drainage systems, made of (electro)welded PE100 pipes and fittings. Electrofusion jointing can be performed for existing installations, modifications, repairs, or for prefabrication. The thermal energy produced by the resistance under voltage applied by the welding machine causes heating, melting, and welding of the materials. They are equipped with a stop limiter, which, when removed, allows the socket to slide onto the pipe for repairs. Joint type: non-detachable, tensile resistant.   Characteristics - Diameter range: \u00d840, \u00d850, \u00d856, \u00d863, \u00d875, \u00d890, \u00d8110, \u00d8125, \u00d8160, \u00d8200, \u00d8250, \u00d8315. - Compliance: EN 1519. - Series: S12.5 for SDR26 and S16 for SDR33. - Application classes: - B - intended for use inside and outside buildings, wall-anchored. - BD - intended for use inside buildings or buried underground within the building perimeter (at a maximum distance of 1 m from it and connected to the building's sewage system). For this use, only pipes with diameters equal to or greater than 75 mm belonging to the S12.5 series are permitted. - Material: High-density polyethylene. - Type: Monolayer - Maximum operating temperature: +95\u00b0C, intermittently. - Color: Black - SafeKit system jointing methods: - Butt welding and electrofusion socket: PE100 SDR26 for 5 bar\/-800 mbar and for PE100 SDR33 for 4 bar\/-450 mbar under fluid conditions at +20\u00b0C and a safety factor of 1.25. - Socket and gasket joint, expansion sleeve - maximum 0.5 bar. - Mechanical flange joint. - Mechanical joint with threaded fittings.","og_url":"https:\/\/produse.valrom.ro\/en\/product\/valrain-hdpe-electrofusion-socket-d250\/","og_site_name":"Produse.Valrom.ro","og_image":[{"width":800,"height":800,"url":"https:\/\/produse.valrom.ro\/wp-content\/uploads\/2025\/10\/133922_l.jpeg","type":"image\/jpeg"}],"twitter_card":"summary_large_image","twitter_misc":{"Est. reading time":"1 minute"},"schema":{"@context":"https:\/\/schema.org","@graph":[{"@type":"WebPage","@id":"https:\/\/produse.valrom.ro\/en\/product\/valrain-hdpe-electrofusion-socket-d250\/","url":"https:\/\/produse.valrom.ro\/en\/product\/valrain-hdpe-electrofusion-socket-d250\/","name":"VALRain HDPE Electrofusion Socket D250 - Produse.Valrom.ro","isPartOf":{"@id":"https:\/\/produse.valrom.ro\/en\/#website"},"primaryImageOfPage":{"@id":"https:\/\/produse.valrom.ro\/en\/product\/valrain-hdpe-electrofusion-socket-d250\/#primaryimage"},"image":{"@id":"https:\/\/produse.valrom.ro\/en\/product\/valrain-hdpe-electrofusion-socket-d250\/#primaryimage"},"thumbnailUrl":"https:\/\/produse.valrom.ro\/wp-content\/uploads\/2025\/10\/133922_l.jpeg","datePublished":"2025-10-06T21:25:33+00:00","breadcrumb":{"@id":"https:\/\/produse.valrom.ro\/en\/product\/valrain-hdpe-electrofusion-socket-d250\/#breadcrumb"},"inLanguage":"en-US","potentialAction":[{"@type":"ReadAction","target":["https:\/\/produse.valrom.ro\/en\/product\/valrain-hdpe-electrofusion-socket-d250\/"]}]},{"@type":"ImageObject","inLanguage":"en-US","@id":"https:\/\/produse.valrom.ro\/en\/product\/valrain-hdpe-electrofusion-socket-d250\/#primaryimage","url":"https:\/\/produse.valrom.ro\/wp-content\/uploads\/2025\/10\/133922_l.jpeg","contentUrl":"https:\/\/produse.valrom.ro\/wp-content\/uploads\/2025\/10\/133922_l.jpeg","width":800,"height":800},{"@type":"BreadcrumbList","@id":"https:\/\/produse.valrom.ro\/en\/product\/valrain-hdpe-electrofusion-socket-d250\/#breadcrumb","itemListElement":[{"@type":"ListItem","position":1,"name":"Home","item":"https:\/\/produse.valrom.ro\/en\/"},{"@type":"ListItem","position":2,"name":"Shop","item":"https:\/\/produse.valrom.ro\/en\/shop\/"},{"@type":"ListItem","position":3,"name":"VALRain HDPE Electrofusion Socket D250"}]},{"@type":"WebSite","@id":"https:\/\/produse.valrom.ro\/en\/#website","url":"https:\/\/produse.valrom.ro\/en\/","name":"Produse.Valrom.ro","description":"Valrom Industry","potentialAction":[{"@type":"SearchAction","target":{"@type":"EntryPoint","urlTemplate":"https:\/\/produse.valrom.ro\/en\/?s={search_term_string}"},"query-input":{"@type":"PropertyValueSpecification","valueRequired":true,"valueName":"search_term_string"}}],"inLanguage":"en-US"}]}},"_links":{"self":[{"href":"https:\/\/produse.valrom.ro\/en\/wp-json\/wp\/v2\/product\/138205","targetHints":{"allow":["GET"]}}],"collection":[{"href":"https:\/\/produse.valrom.ro\/en\/wp-json\/wp\/v2\/product"}],"about":[{"href":"https:\/\/produse.valrom.ro\/en\/wp-json\/wp\/v2\/types\/product"}],"wp:featuredmedia":[{"embeddable":true,"href":"https:\/\/produse.valrom.ro\/en\/wp-json\/wp\/v2\/media\/100986"}],"wp:attachment":[{"href":"https:\/\/produse.valrom.ro\/en\/wp-json\/wp\/v2\/media?parent=138205"}],"wp:term":[{"taxonomy":"product_brand","embeddable":true,"href":"https:\/\/produse.valrom.ro\/en\/wp-json\/wp\/v2\/product_brand?post=138205"},{"taxonomy":"product_cat","embeddable":true,"href":"https:\/\/produse.valrom.ro\/en\/wp-json\/wp\/v2\/product_cat?post=138205"},{"taxonomy":"product_tag","embeddable":true,"href":"https:\/\/produse.valrom.ro\/en\/wp-json\/wp\/v2\/product_tag?post=138205"}],"curies":[{"name":"wp","href":"https:\/\/api.w.org\/{rel}","templated":true}]}}